{"id":5148,"date":"2021-07-13T19:31:12","date_gmt":"2021-07-13T19:31:12","guid":{"rendered":"http:\/\/amkservis.si\/?page_id=5148"},"modified":"2025-03-13T10:31:25","modified_gmt":"2025-03-13T10:31:25","slug":"politika-zasebnosti","status":"publish","type":"page","link":"https:\/\/amkservis.si\/en\/politika-zasebnosti\/","title":{"rendered":"Privacy policy"},"content":{"rendered":"<div class=\"cli_pg_page_contaner\">\n<h3>Varovanje podatkov<\/h3>\n<div>SPO\u0160TUJEMO VA\u0160O ZASEBNOSTV primeru, da nam na strani ponudite katerikoli osebni podatek, bomo spo\u0161tovali va\u0161o zasebnost. Na\u0161a politika glede varovanja podatkov je naslednja: Uporabnikom vedno natan\u010dno povemo, kako bomo uporabili podatke, ki jih vpi\u0161ejo v razli\u010dne obrazce na spletni strani. Vsi ti podatki pa nikoli niso dostopni tretjim osebam. Podatkov o na\u0161ih uporabnikih nikoli ne dajemo v najem, jih ne prodajamo in ne dovolimo, da bi jih uporabila katerakoli tretja oseba.SOGLASJE ZA OBDELAVO OSEBNIH PODATKOVS posredovanjem oziroma izpolnitvijo zahtevanih osebnih in drugih podatkov izjavljam, da sem seznanjen\/a in sogla\u0161am ter izrecno dovoljujem in poobla\u0161\u010dam dru\u017ebo, AMK Servis d.o.o., Cesta dveh cesarjev 393, 1000 Ljubljana, Slovenija da zbira in obdeluje moje osebne in druge podatke, ki sem jih vnesel\/a v vnosni obrazec (v nadaljevanju: podatki), za namene neposrednega tr\u017eenja storitev in produktov dru\u017ebe (na primer obve\u0161\u010danje o novostih storitev in produktov, ki jih tr\u017ei, poizvedbe, priprave ponudbe oziroma odgovora ter vzpostavitve kontakta oziroma komunikacije, pri \u010demer lahko dru\u017eba uporablja razli\u010dne komunikacijske kanale \u2013 telefon, navadna po\u0161ta, elektronska po\u0161ta). Dru\u017eba pridobljene osebne podatke zbira in obdeluje v skladu z dolo\u010dbami GDPR in veljavnega zakonodaje, ki ureja varstvo osebnih podatkov. Seznanjen\/a sem, da se lahko od prejemanja vseh tr\u017enih e-sporo\u010dil, namenjenih za neposredno tr\u017eenje storitev (v nadaljevanju: tr\u017ena e-sporo\u010dila) dru\u017ebe kadarkoli odjavim s posredovanjem pisne izjave dru\u017ebi na e-naslov info@amkservis.si ali na naslov Cesta dveh cesarjev 393, 1000 Ljubljana, Slovenija. Seznanjen\/a sem, da bo dru\u017eba z mojo odjavo prenehala uporabljati moje osebne podatke za namen neposrednega tr\u017eenja. Seznanjen\/a sem, da se z odjavo od tr\u017enih e-sporo\u010dil samodejno odjavim tudi od prejemanja vseh obvestil, na katera sem morebiti prijavljen\/a. Seznanjen\/a sem, da dru\u017eba z mojo odjavo od tr\u017enih e-sporo\u010dil preneha uporabljati moje osebne podatke za namen neposrednega tr\u017eenja, od dru\u017ebe pa lahko kadarkoli pisno zahtevam, da trajno ali za\u010dasno preneha uporabljati moje osebne podatke za namen neposrednega tr\u017eenja. Izjavljam, da sem seznanjen\/a in sogla\u0161am s tem, da moje navedene osebne podatke upravlja in obdeluje oziroma uporablja AMK Servis d.o.o., Cesta dveh cesarjev 393, 1000 Ljubljana v svoji bazi osebnih podatkov za neposredno tr\u017eenje. Izjavljam, da sem seznanjen\/a z dejstvom, da dajem te svoje osebne podatke prostovoljno in brez posledic \u010de odklonim. Upravljalec posameznikom, katerih podatke obdeluje zagotavlja vse pravice v skladu z GDPR (Splo\u0161na uredba o varstvu podatkov) ter veljavno zakonodajo na podro\u010dju varstva osebnih podatkom. Na e-naslov info@amkservis.si ali na naslov AMK Servis d.o.o., Cesta dveh cesarjev 393, 1000 Ljubljana&nbsp;lahko v zvezi z va\u0161imi osebnimi podatki, ki jih obdelujemo po\u0161ljete svojo zahtevo:Za pridobitev potrditve ali v zvezi z vami obdelujemo osebne podatkeZa dostop do osebnih podatkov, ki se nana\u0161ajo na vasZa pridobitev informacij: O namenu obdelave, o vrsti zadevnih osebnih podatkov, o uporabnikih in kategorijah uporabnikov, ki so jim osebni podatki razkriti in o obdobju hrambe osebnih podatkovZa popravek osebnega podatka, ki se nana\u0161a na vasZa izbris osebnega podatka, ki se nana\u0161a na vasZa omejitev na\u0161e obdelave\/uporabe osebnega podatka, ki se nana\u0161a na vasDa ugovarjate obdelavi\/uporabi osebnega podatka, ki se nana\u0161a na vasDa preklicujete va\u0161o privolitev za uporabo\/obdelavo enega ali ve\u010d osebnih podatkov, ki se nana\u0161ajo na vasVa\u0161o zahtevo bomo izpolnili v najkraj\u0161em mo\u017enem \u010dasu, najkasneje pa v roku 1 meseca.V zvezi z na\u0161o obdelavo osebnih podatkov, ki se nana\u0161ajo na vas, imate pravico vlo\u017eiti prito\u017ebo pri Informacijskem poobla\u0161\u010dencu.<\/div>\n<h3>What are cookies ?<\/h3>\n<div>Cookies are small text files that are used to store small pieces of information. They are stored on your device when the website is loaded on your browser. These cookies help us make the website function properly, make it more secure, provide better user experience, and understand how the website performs and to analyze what works and where it needs improvement.<\/div>\n<h3>How do we use cookies ?<\/h3>\n<div>As most of the online services, our website uses first-party and third-party cookies for several purposes. First-party cookies are mostly necessary for the website to function the right way, and they do not collect any of your personally identifiable data.<\/p>\n<p>The third-party cookies used on our website are mainly for understanding how the website performs, how you interact with our website, keeping our services secure, providing advertisements that are relevant to you, and all in all providing you with a better and improved user experience and help speed up your future interactions with our website.<\/p>\n<\/div>\n<h3>What types of cookies do we use ?<\/h3>\n<div>Essential: Some cookies are essential for you to be able to experience the full functionality of our site. They allow us to maintain user sessions and prevent any security threats. They do not collect or store any personal information. For example, these cookies allow you to log-in to your account and add products to your basket, and checkout securely.<\/p>\n<p>Statistics: These cookies store information like the number of visitors to the website, the number of unique visitors, which pages of the website have been visited, the source of the visit, etc. These data help us understand and analyze how well the website performs and where it needs improvement.<\/p>\n<p>Marketing: Our website displays advertisements. These cookies are used to personalize the advertisements that we show to you so that they are meaningful to you. These cookies also help us keep track of the efficiency of these ad campaigns.<br \/>\nThe information stored in these cookies may also be used by the third-party ad providers to show you ads on other websites on the browser as well.<\/p>\n<p>Functional: TThese are the cookies that help certain non-essential functionalities on our website. These functionalities include embedding content like videos or sharing content of the website on social media platforms.<\/p>\n<p>Preferences: These cookies help us store your settings and browsing preferences like language preferences so that you have a better and efficient experience on future visits to the website.<br \/>\n<p>The below list details the cookies used in our website.<\/p><table class=\"cookielawinfo-row-cat-table cookielawinfo-classic\"><thead><tr><th class=\"cookielawinfo-column-1\">Cookie<\/th><th class=\"cookielawinfo-column-4\">Description<\/th><\/tr><\/thead><tbody><tr class=\"cookielawinfo-row\"><td class=\"cookielawinfo-column-1\">__cf_bm<\/td><td class=\"cookielawinfo-column-4\">This cookie, set by Cloudflare, is used to support Cloudflare Bot Management.<\/td><\/tr><tr class=\"cookielawinfo-row\"><td class=\"cookielawinfo-column-1\">__hssc<\/td><td class=\"cookielawinfo-column-4\">HubSpot sets this cookie to keep track of sessions and to determine if HubSpot should increment the session number and timestamps in the __hstc cookie.<\/td><\/tr><tr class=\"cookielawinfo-row\"><td class=\"cookielawinfo-column-1\">__hssrc<\/td><td class=\"cookielawinfo-column-4\">This cookie is set by Hubspot whenever it changes the session cookie. The __hssrc cookie set to 1 indicates that the user has restarted the browser, and if the cookie does not exist, it is assumed to be a new session.<\/td><\/tr><tr class=\"cookielawinfo-row\"><td class=\"cookielawinfo-column-1\">__hstc<\/td><td class=\"cookielawinfo-column-4\">Hubspot set this main cookie for tracking visitors. It contains the domain, initial timestamp (first visit), last timestamp (last visit), current timestamp (this visit), and session number (increments for each subsequent session).<\/td><\/tr><tr class=\"cookielawinfo-row\"><td class=\"cookielawinfo-column-1\">_cfuvid<\/td><td class=\"cookielawinfo-column-4\">Description is currently not available.<\/td><\/tr><tr class=\"cookielawinfo-row\"><td class=\"cookielawinfo-column-1\">_ga<\/td><td class=\"cookielawinfo-column-4\">Google Analytics sets this cookie to calculate visitor, session and campaign data and track site usage for the site's analytics report. The cookie stores information anonymously and assigns a randomly generated number to recognise unique visitors.<\/td><\/tr><tr class=\"cookielawinfo-row\"><td class=\"cookielawinfo-column-1\">_ga_*<\/td><td class=\"cookielawinfo-column-4\">Google Analytics sets this cookie to store and count page views.<\/td><\/tr><tr class=\"cookielawinfo-row\"><td class=\"cookielawinfo-column-1\">cookielawinfo-checkbox-advertisement<\/td><td class=\"cookielawinfo-column-4\">Set by the GDPR Cookie Consent plugin, this cookie records the user consent for the cookies in the \"Advertisement\" category.<\/td><\/tr><tr class=\"cookielawinfo-row\"><td class=\"cookielawinfo-column-1\">cookielawinfo-checkbox-analytics<\/td><td class=\"cookielawinfo-column-4\">Set by the GDPR Cookie Consent plugin, this cookie records the user consent for the cookies in the \"Analytics\" category.<\/td><\/tr><tr class=\"cookielawinfo-row\"><td class=\"cookielawinfo-column-1\">cookielawinfo-checkbox-functional<\/td><td class=\"cookielawinfo-column-4\">The GDPR Cookie Consent plugin sets the cookie to record the user consent for the cookies in the category \"Functional\".<\/td><\/tr><tr class=\"cookielawinfo-row\"><td class=\"cookielawinfo-column-1\">cookielawinfo-checkbox-necessary<\/td><td class=\"cookielawinfo-column-4\">Set by the GDPR Cookie Consent plugin, this cookie records the user consent for the cookies in the \"Necessary\" category.<\/td><\/tr><tr class=\"cookielawinfo-row\"><td class=\"cookielawinfo-column-1\">cookielawinfo-checkbox-others<\/td><td class=\"cookielawinfo-column-4\">Set by the GDPR Cookie Consent plugin, this cookie stores user consent for cookies in the category \"Others\".<\/td><\/tr><tr class=\"cookielawinfo-row\"><td class=\"cookielawinfo-column-1\">cookielawinfo-checkbox-performance<\/td><td class=\"cookielawinfo-column-4\">Set by the GDPR Cookie Consent plugin, this cookie stores the user consent for cookies in the category \"Performance\".<\/td><\/tr><tr class=\"cookielawinfo-row\"><td class=\"cookielawinfo-column-1\">CookieLawInfoConsent<\/td><td class=\"cookielawinfo-column-4\">CookieYes sets this cookie to record the default button state of the corresponding category and the status of CCPA. It works only in coordination with the primary cookie.<\/td><\/tr><tr class=\"cookielawinfo-row\"><td class=\"cookielawinfo-column-1\">hubspotutk<\/td><td class=\"cookielawinfo-column-4\">HubSpot sets this cookie to keep track of the visitors to the website. This cookie is passed to HubSpot on form submission and used when deduplicating contacts.<\/td><\/tr><tr class=\"cookielawinfo-row\"><td class=\"cookielawinfo-column-1\">lidc<\/td><td class=\"cookielawinfo-column-4\">LinkedIn sets the lidc cookie to facilitate data center selection.<\/td><\/tr><tr class=\"cookielawinfo-row\"><td class=\"cookielawinfo-column-1\">rc::a<\/td><td class=\"cookielawinfo-column-4\">This cookie is set by the Google recaptcha service to identify bots to protect the website against malicious spam attacks.<\/td><\/tr><tr class=\"cookielawinfo-row\"><td class=\"cookielawinfo-column-1\">rc::c<\/td><td class=\"cookielawinfo-column-4\">This cookie is set by the Google recaptcha service to identify bots to protect the website against malicious spam attacks.<\/td><\/tr><tr class=\"cookielawinfo-row\"><td class=\"cookielawinfo-column-1\">sbjs_current<\/td><td class=\"cookielawinfo-column-4\">Sourcebuster sets this cookie to identify the source of a visit and stores user action information in cookies. This analytical and behavioural cookie is used to enhance the visitor experience on the website.<\/td><\/tr><tr class=\"cookielawinfo-row\"><td class=\"cookielawinfo-column-1\">sbjs_current_add<\/td><td class=\"cookielawinfo-column-4\">Sourcebuster sets this cookie to identify the source of a visit and stores user action information in cookies. This analytical and behavioural cookie is used to enhance the visitor experience on the website.<\/td><\/tr><tr class=\"cookielawinfo-row\"><td class=\"cookielawinfo-column-1\">sbjs_first<\/td><td class=\"cookielawinfo-column-4\">Sourcebuster sets this cookie to identify the source of a visit and stores user action information in cookies. This analytical and behavioural cookie is used to enhance the visitor experience on the website.<\/td><\/tr><tr class=\"cookielawinfo-row\"><td class=\"cookielawinfo-column-1\">sbjs_first_add<\/td><td class=\"cookielawinfo-column-4\">Sourcebuster sets this cookie to identify the source of a visit and stores user action information in cookies. This analytical and behavioural cookie is used to enhance the visitor experience on the website.<\/td><\/tr><tr class=\"cookielawinfo-row\"><td class=\"cookielawinfo-column-1\">sbjs_migrations<\/td><td class=\"cookielawinfo-column-4\">Sourcebuster sets this cookie to identify the source of a visit and stores user action information in cookies. This analytical and behavioural cookie is used to enhance the visitor experience on the website.<\/td><\/tr><tr class=\"cookielawinfo-row\"><td class=\"cookielawinfo-column-1\">sbjs_session<\/td><td class=\"cookielawinfo-column-4\">Sourcebuster sets this cookie to identify the source of a visit and stores user action information in cookies. This analytical and behavioural cookie is used to enhance the visitor experience on the website.<\/td><\/tr><tr class=\"cookielawinfo-row\"><td class=\"cookielawinfo-column-1\">sbjs_udata<\/td><td class=\"cookielawinfo-column-4\">Sourcebuster sets this cookie to identify the source of a visit and stores user action information in cookies. This analytical and behavioural cookie is used to enhance the visitor experience on the website.<\/td><\/tr><tr class=\"cookielawinfo-row\"><td class=\"cookielawinfo-column-1\">VISITOR_INFO1_LIVE<\/td><td class=\"cookielawinfo-column-4\">YouTube sets this cookie to measure bandwidth, determining whether the user gets the new or old player interface.<\/td><\/tr><tr class=\"cookielawinfo-row\"><td class=\"cookielawinfo-column-1\">VISITOR_PRIVACY_METADATA<\/td><td class=\"cookielawinfo-column-4\">YouTube sets this cookie to store the user's cookie consent state for the current domain.<\/td><\/tr><tr class=\"cookielawinfo-row\"><td class=\"cookielawinfo-column-1\">wpEmojiSettingsSupports<\/td><td class=\"cookielawinfo-column-4\">WordPress sets this cookie when a user interacts with emojis on a WordPress site.  It helps determine if the user's browser can display emojis properly.<\/td><\/tr><tr class=\"cookielawinfo-row\"><td class=\"cookielawinfo-column-1\">YSC<\/td><td class=\"cookielawinfo-column-4\">Youtube sets this cookie to track the views of embedded videos on Youtube pages.<\/td><\/tr><tr class=\"cookielawinfo-row\"><td class=\"cookielawinfo-column-1\">yt-player-headers-readable<\/td><td class=\"cookielawinfo-column-4\">The yt-player-headers-readable cookie is used by YouTube to store user preferences related to video playback and interface, enhancing the user's viewing experience.<\/td><\/tr><tr class=\"cookielawinfo-row\"><td class=\"cookielawinfo-column-1\">yt-remote-cast-available<\/td><td class=\"cookielawinfo-column-4\">The yt-remote-cast-available cookie is used to store the user's preferences regarding whether casting is available on their YouTube video player.<\/td><\/tr><tr class=\"cookielawinfo-row\"><td class=\"cookielawinfo-column-1\">yt-remote-cast-installed<\/td><td class=\"cookielawinfo-column-4\">The yt-remote-cast-installed cookie is used to store the user's video player preferences using embedded YouTube video.<\/td><\/tr><tr class=\"cookielawinfo-row\"><td class=\"cookielawinfo-column-1\">yt-remote-connected-devices<\/td><td class=\"cookielawinfo-column-4\">YouTube sets this cookie to store the user's video preferences using embedded YouTube videos.<\/td><\/tr><tr class=\"cookielawinfo-row\"><td class=\"cookielawinfo-column-1\">yt-remote-device-id<\/td><td class=\"cookielawinfo-column-4\">YouTube sets this cookie to store the user's video preferences using embedded YouTube videos.<\/td><\/tr><tr class=\"cookielawinfo-row\"><td class=\"cookielawinfo-column-1\">yt-remote-fast-check-period<\/td><td class=\"cookielawinfo-column-4\">The yt-remote-fast-check-period cookie is used by YouTube to store the user's video player preferences for embedded YouTube videos.<\/td><\/tr><tr class=\"cookielawinfo-row\"><td class=\"cookielawinfo-column-1\">yt-remote-session-app<\/td><td class=\"cookielawinfo-column-4\">The yt-remote-session-app cookie is used by YouTube to store user preferences and information about the interface of the embedded YouTube video player.<\/td><\/tr><tr class=\"cookielawinfo-row\"><td class=\"cookielawinfo-column-1\">yt-remote-session-name<\/td><td class=\"cookielawinfo-column-4\">The yt-remote-session-name cookie is used by YouTube to store the user's video player preferences using embedded YouTube video.<\/td><\/tr><tr class=\"cookielawinfo-row\"><td class=\"cookielawinfo-column-1\">yt.innertube::nextId<\/td><td class=\"cookielawinfo-column-4\">YouTube sets this cookie to register a unique ID to store data on what videos from YouTube the user has seen.<\/td><\/tr><tr class=\"cookielawinfo-row\"><td class=\"cookielawinfo-column-1\">yt.innertube::requests<\/td><td class=\"cookielawinfo-column-4\">YouTube sets this cookie to register a unique ID to store data on what videos from YouTube the user has seen.<\/td><\/tr><tr class=\"cookielawinfo-row\"><td class=\"cookielawinfo-column-1\">ytidb::LAST_RESULT_ENTRY_KEY<\/td><td class=\"cookielawinfo-column-4\">The cookie ytidb::LAST_RESULT_ENTRY_KEY is used by YouTube to store the last search result entry that was clicked by the user. This information is used to improve the user experience by providing more relevant search results in the future.<\/td><\/tr><\/tbody><\/table>\n<\/div>\n<h3>How can I control the cookie preferences ?<\/h3>\n<div>Should you decide to change your preferences later through your browsing session, you can click on the &#8220;Privacy &amp; Cookie Policy&#8221; tab on your screen. This will display the consent notice again enabling you to change your preferences or withdraw your consent entirely.<\/p>\n<p>In addition to this, different browsers provide different methods to block and delete cookies used by websites. You can change the settings of your browser to block\/delete the cookies. To find out more about how to manage and delete cookies, visit wikipedia.org, www.allaboutcookies.org.<\/p>\n<\/div>\n<\/div>","protected":false},"excerpt":{"rendered":"<p>Varovanje podatkov SPO\u0160TUJEMO VA\u0160O ZASEBNOSTV primeru, da nam na strani ponudite katerikoli osebni podatek, bomo spo\u0161tovali va\u0161o zasebnost. Na\u0161a politika glede varovanja podatkov je naslednja: Uporabnikom vedno natan\u010dno povemo, kako bomo uporabili podatke, ki jih vpi\u0161ejo v razli\u010dne obrazce na spletni strani. Vsi ti podatki pa nikoli niso dostopni tretjim osebam. Podatkov o na\u0161ih uporabnikih<\/p>","protected":false},"author":1,"featured_media":0,"parent":0,"menu_order":0,"comment_status":"closed","ping_status":"closed","template":"","meta":{"content-type":"","footnotes":""},"_links":{"self":[{"href":"https:\/\/amkservis.si\/en\/wp-json\/wp\/v2\/pages\/5148"}],"collection":[{"href":"https:\/\/amkservis.si\/en\/wp-json\/wp\/v2\/pages"}],"about":[{"href":"https:\/\/amkservis.si\/en\/wp-json\/wp\/v2\/types\/page"}],"author":[{"embeddable":true,"href":"https:\/\/amkservis.si\/en\/wp-json\/wp\/v2\/users\/1"}],"replies":[{"embeddable":true,"href":"https:\/\/amkservis.si\/en\/wp-json\/wp\/v2\/comments?post=5148"}],"version-history":[{"count":5,"href":"https:\/\/amkservis.si\/en\/wp-json\/wp\/v2\/pages\/5148\/revisions"}],"predecessor-version":[{"id":6962,"href":"https:\/\/amkservis.si\/en\/wp-json\/wp\/v2\/pages\/5148\/revisions\/6962"}],"wp:attachment":[{"href":"https:\/\/amkservis.si\/en\/wp-json\/wp\/v2\/media?parent=5148"}],"curies":[{"name":"wp","href":"https:\/\/api.w.org\/{rel}","templated":true}]}}