{"id":4964,"date":"2021-05-24T13:30:49","date_gmt":"2021-05-24T13:30:49","guid":{"rendered":"http:\/\/amkservis.si\/?page_id=4964"},"modified":"2025-03-18T14:21:29","modified_gmt":"2025-03-18T14:21:29","slug":"povprasevanje-za-hidravlicne-nakladalne-ploscadi-za-kombije","status":"publish","type":"page","link":"https:\/\/amkservis.si\/en\/povprasevanje-za-hidravlicne-nakladalne-ploscadi-za-kombije\/","title":{"rendered":"POVPRA\u0160EVANJE ZA HIDRAVLI\u010cNE NAKLADALNE PLO\u0160\u010cADI ZA KOMBIJE"},"content":{"rendered":"","protected":false},"excerpt":{"rendered":"","protected":false},"author":1,"featured_media":0,"parent":0,"menu_order":0,"comment_status":"closed","ping_status":"closed","template":"","meta":{"content-type":"","footnotes":""},"_links":{"self":[{"href":"https:\/\/amkservis.si\/en\/wp-json\/wp\/v2\/pages\/4964"}],"collection":[{"href":"https:\/\/amkservis.si\/en\/wp-json\/wp\/v2\/pages"}],"about":[{"href":"https:\/\/amkservis.si\/en\/wp-json\/wp\/v2\/types\/page"}],"author":[{"embeddable":true,"href":"https:\/\/amkservis.si\/en\/wp-json\/wp\/v2\/users\/1"}],"replies":[{"embeddable":true,"href":"https:\/\/amkservis.si\/en\/wp-json\/wp\/v2\/comments?post=4964"}],"version-history":[{"count":5,"href":"https:\/\/amkservis.si\/en\/wp-json\/wp\/v2\/pages\/4964\/revisions"}],"predecessor-version":[{"id":7018,"href":"https:\/\/amkservis.si\/en\/wp-json\/wp\/v2\/pages\/4964\/revisions\/7018"}],"wp:attachment":[{"href":"https:\/\/amkservis.si\/en\/wp-json\/wp\/v2\/media?parent=4964"}],"curies":[{"name":"wp","href":"https:\/\/api.w.org\/{rel}","templated":true}]}}