{"id":3726,"date":"2021-02-20T11:56:46","date_gmt":"2021-02-20T11:56:46","guid":{"rendered":"http:\/\/amkservis.si\/?page_id=3726"},"modified":"2024-04-09T10:54:12","modified_gmt":"2024-04-09T10:54:12","slug":"narocilo-na-servis-nakladalnih-ploscadi","status":"publish","type":"page","link":"https:\/\/amkservis.si\/en\/narocilo-na-servis-nakladalnih-ploscadi\/","title":{"rendered":"NARO\u010cILO NA SERVIS NAKLADALNIH PLO\u0160\u010cADI"},"content":{"rendered":"","protected":false},"excerpt":{"rendered":"","protected":false},"author":1,"featured_media":0,"parent":0,"menu_order":0,"comment_status":"closed","ping_status":"closed","template":"","meta":{"content-type":"","footnotes":""},"_links":{"self":[{"href":"https:\/\/amkservis.si\/en\/wp-json\/wp\/v2\/pages\/3726"}],"collection":[{"href":"https:\/\/amkservis.si\/en\/wp-json\/wp\/v2\/pages"}],"about":[{"href":"https:\/\/amkservis.si\/en\/wp-json\/wp\/v2\/types\/page"}],"author":[{"embeddable":true,"href":"https:\/\/amkservis.si\/en\/wp-json\/wp\/v2\/users\/1"}],"replies":[{"embeddable":true,"href":"https:\/\/amkservis.si\/en\/wp-json\/wp\/v2\/comments?post=3726"}],"version-history":[{"count":5,"href":"https:\/\/amkservis.si\/en\/wp-json\/wp\/v2\/pages\/3726\/revisions"}],"predecessor-version":[{"id":6595,"href":"https:\/\/amkservis.si\/en\/wp-json\/wp\/v2\/pages\/3726\/revisions\/6595"}],"wp:attachment":[{"href":"https:\/\/amkservis.si\/en\/wp-json\/wp\/v2\/media?parent=3726"}],"curies":[{"name":"wp","href":"https:\/\/api.w.org\/{rel}","templated":true}]}}